{"id":710,"date":"2025-09-15T10:24:52","date_gmt":"2025-09-15T13:24:52","guid":{"rendered":"https:\/\/moovestudio.com.br\/?page_id=710"},"modified":"2026-03-05T09:11:27","modified_gmt":"2026-03-05T12:11:27","slug":"sobre-nos","status":"publish","type":"page","link":"https:\/\/moovestudio.com.br\/?page_id=710","title":{"rendered":"SOBRE N\u00d3S"},"content":{"rendered":"\t\t<div data-elementor-type=\"wp-page\" data-elementor-id=\"710\" class=\"elementor elementor-710\" data-elementor-settings=\"{&quot;ha_cmc_init_switcher&quot;:&quot;no&quot;}\">\n\t\t\t\t<div class=\"elementor-element elementor-element-31bff41 e-flex e-con-boxed wpr-particle-no wpr-sticky-section-no e-con e-parent\" data-id=\"31bff41\" data-element_type=\"container\" data-e-type=\"container\" data-settings=\"{&quot;_ha_eqh_enable&quot;:false}\">\n\t\t\t\t\t<div class=\"e-con-inner\">\n\t\t\t\t<div class=\"elementor-element elementor-element-c1ff749 elementor-widget elementor-widget-spacer\" data-id=\"c1ff749\" data-element_type=\"widget\" data-e-type=\"widget\" data-widget_type=\"spacer.default\">\n\t\t\t\t\t\t\t<div class=\"elementor-spacer\">\n\t\t\t<div class=\"elementor-spacer-inner\"><\/div>\n\t\t<\/div>\n\t\t\t\t\t\t<\/div>\n\t\t\t\t\t<\/div>\n\t\t\t\t<\/div>\n\t\t<div class=\"elementor-element elementor-element-27d80707 e-flex e-con-boxed wpr-particle-no wpr-sticky-section-no e-con e-parent\" data-id=\"27d80707\" data-element_type=\"container\" data-e-type=\"container\" data-settings=\"{&quot;background_background&quot;:&quot;classic&quot;,&quot;_ha_eqh_enable&quot;:false}\">\n\t\t\t\t\t<div class=\"e-con-inner\">\n\t\t\t\t<div class=\"elementor-element elementor-element-6396894f elementor-widget elementor-widget-html\" data-id=\"6396894f\" data-element_type=\"widget\" data-e-type=\"widget\" data-widget_type=\"html.default\">\n\t\t\t\t\t<!-- BOT\u00c3O FLUTUANTE WHATSAPP -->\r\n<a\r\n  href=\"https:\/\/wa.me\/5519996890499?text=Ol%C3%A1%2C%20estava%20visitando%20o%20site%20e%20gostaria%20de%20agendar%20uma%20consulta\"\r\n  class=\"whatsapp-float\"\r\n  target=\"_blank\"\r\n  rel=\"noopener noreferrer\"\r\n  aria-label=\"Falar no WhatsApp\"\r\n>\r\n  <!-- \u00cdCONE WHATSAPP (SVG) -->\r\n  <svg\r\n    viewBox=\"0 0 32 32\"\r\n    width=\"34\"\r\n    height=\"34\"\r\n    xmlns=\"http:\/\/www.w3.org\/2000\/svg\"\r\n  >\r\n    <path\r\n      fill=\"#ffffff\"\r\n      d=\"M16 3C8.83 3 3 8.83 3 16c0 2.35.62 4.64 1.8 6.65L3 29l6.59-1.73A12.85 12.85 0 0 0 16 29c7.17 0 13-5.83 13-13S23.17 3 16 3zm0 23.8c-2.14 0-4.23-.57-6.05-1.66l-.43-.26-3.93 1.03 1.05-3.82-.25-.39a10.75 10.75 0 0 1-1.66-5.7c0-5.96 4.84-10.8 10.8-10.8S26.8 10.04 26.8 16 21.96 26.8 16 26.8z\"\r\n    \/>\r\n    <path\r\n      fill=\"#ffffff\"\r\n      d=\"M12.66 10.76c-.25-.55-.52-.56-.77-.57-.2 0-.42 0-.65 0s-.6.09-.91.43c-.31.34-1.19 1.16-1.19 2.83s1.22 3.29 1.39 3.52c.17.23 2.33 3.72 5.77 5.07.8.33 1.42.53 1.9.67.8.25 1.53.21 2.1.13.64-.1 1.98-.81 2.26-1.6.28-.79.28-1.46.2-1.6-.08-.14-.31-.23-.64-.4-.33-.17-1.98-.97-2.28-1.08-.3-.11-.52-.17-.74.17-.22.34-.87 1.08-1.07 1.3-.2.22-.39.25-.72.09-.33-.16-1.38-.52-2.64-1.65-.97-.86-1.62-1.92-1.81-2.22-.19-.3-.02-.49.14-.66.14-.14.33-.37.5-.56.17-.2.23-.34.34-.58.11-.24.06-.43-.03-.6-.08-.17-.72-1.73-.99-2.39z\"\r\n    \/>\r\n  <\/svg>\r\n<\/a>\r\n\r\n<!-- ESTILO DO BOT\u00c3O -->\r\n<style>\r\n  .whatsapp-float {\r\n    position: fixed;\r\n    right: 20px;\r\n    bottom: 20px;\r\n    width: 68px;\r\n    height: 68px;\r\n    display: flex;\r\n    align-items: center;\r\n    justify-content: center;\r\n    background-color: #2690a7;\r\n    border-radius: 50%;\r\n    text-decoration: none;\r\n    box-shadow: 0 10px 20px rgba(0, 0, 0, 0.25);\r\n    z-index: 9999;\r\n    transition: all 0.25s ease;\r\n  }\r\n\r\n  .whatsapp-float:hover {\r\n    transform: translateY(-2px) scale(1.05);\r\n    box-shadow: 0 14px 28px rgba(0, 0, 0, 0.3);\r\n    opacity: 0.9;\r\n  }\r\n\r\n  @media (max-width: 480px) {\r\n    .whatsapp-float {\r\n      right: 14px;\r\n      bottom: 14px;\r\n      width: 60px;\r\n      height: 60px;\r\n    }\r\n\r\n    .whatsapp-float svg {\r\n      width: 28px;\r\n      height: 28px;\r\n    }\r\n  }\r\n<\/style>\r\n\t\t\t\t<\/div>\n\t\t\t\t\t<\/div>\n\t\t\t\t<\/div>\n\t\t<div class=\"elementor-element elementor-element-b6dd06e e-con-full e-flex wpr-particle-no wpr-sticky-section-no e-con e-parent\" data-id=\"b6dd06e\" data-element_type=\"container\" data-e-type=\"container\" data-settings=\"{&quot;background_background&quot;:&quot;classic&quot;,&quot;_ha_eqh_enable&quot;:false}\">\n\t\t<div class=\"elementor-element elementor-element-6d7cad5 e-con-full e-flex wpr-particle-no wpr-sticky-section-no e-con e-child\" data-id=\"6d7cad5\" data-element_type=\"container\" data-e-type=\"container\" data-settings=\"{&quot;_ha_eqh_enable&quot;:false}\">\n\t\t\t\t<div class=\"elementor-element elementor-element-a9362c0 elementor-widget elementor-widget-image\" data-id=\"a9362c0\" data-element_type=\"widget\" data-e-type=\"widget\" data-widget_type=\"image.default\">\n\t\t\t\t\t\t\t\t\t\t\t\t\t\t\t<img fetchpriority=\"high\" decoding=\"async\" width=\"600\" height=\"700\" src=\"https:\/\/moovestudio.com.br\/wp-content\/uploads\/2026\/02\/imagens.png\" class=\"attachment-full size-full wp-image-1951\" alt=\"\" srcset=\"https:\/\/moovestudio.com.br\/wp-content\/uploads\/2026\/02\/imagens.png 600w, https:\/\/moovestudio.com.br\/wp-content\/uploads\/2026\/02\/imagens-257x300.png 257w\" sizes=\"(max-width: 600px) 100vw, 600px\" \/>\t\t\t\t\t\t\t\t\t\t\t\t\t\t\t<\/div>\n\t\t\t\t<\/div>\n\t\t<div class=\"elementor-element elementor-element-5e610f0 e-con-full animated-slow e-flex wpr-particle-no wpr-sticky-section-no elementor-invisible e-con e-child\" data-id=\"5e610f0\" data-element_type=\"container\" data-e-type=\"container\" data-settings=\"{&quot;animation&quot;:&quot;fadeIn&quot;,&quot;_ha_eqh_enable&quot;:false}\">\n\t\t\t\t<div class=\"elementor-element elementor-element-370d722 elementor-widget elementor-widget-heading\" data-id=\"370d722\" data-element_type=\"widget\" data-e-type=\"widget\" data-widget_type=\"heading.default\">\n\t\t\t\t\t<h2 class=\"elementor-heading-title elementor-size-default\">Sobre N\u00f3s<\/h2>\t\t\t\t<\/div>\n\t\t\t\t<div class=\"elementor-element elementor-element-8930038 elementor-widget elementor-widget-text-editor\" data-id=\"8930038\" data-element_type=\"widget\" data-e-type=\"widget\" data-widget_type=\"text-editor.default\">\n\t\t\t\t\t\t\t\t\t<p>A MO\u00d8VE Fisioterapia e Personal Training foi criada a partir da necessidade de unir ci\u00eancia, tecnologia e cuidado humanizado em um mesmo espa\u00e7o. Com mais de 10 anos de experi\u00eancia na \u00e1rea da sa\u00fade e do movimento, o fisioterapeuta e educador f\u00edsico Guilherme Milan fundou a MO\u00d8VE com uma proposta \u00fanica de gest\u00e3o de sa\u00fade a longo prazo, que vai muito al\u00e9m de resolver sintomas imediatos.<\/p>\t\t\t\t\t\t\t\t<\/div>\n\t\t\t\t<\/div>\n\t\t\t\t<\/div>\n\t\t<div class=\"elementor-element elementor-element-b69eab7 e-con-full e-flex wpr-particle-no wpr-sticky-section-no e-con e-parent\" data-id=\"b69eab7\" data-element_type=\"container\" data-e-type=\"container\" data-settings=\"{&quot;background_background&quot;:&quot;classic&quot;,&quot;_ha_eqh_enable&quot;:false}\">\n\t\t\t\t<div class=\"elementor-element elementor-element-18ed358 elementor-widget elementor-widget-spacer\" data-id=\"18ed358\" data-element_type=\"widget\" data-e-type=\"widget\" data-widget_type=\"spacer.default\">\n\t\t\t\t\t\t\t<div class=\"elementor-spacer\">\n\t\t\t<div class=\"elementor-spacer-inner\"><\/div>\n\t\t<\/div>\n\t\t\t\t\t\t<\/div>\n\t\t\t\t<div class=\"elementor-element elementor-element-76da3b1 animated-slow elementor-invisible elementor-widget elementor-widget-heading\" data-id=\"76da3b1\" data-element_type=\"widget\" data-e-type=\"widget\" data-settings=\"{&quot;_animation&quot;:&quot;fadeIn&quot;}\" data-widget_type=\"heading.default\">\n\t\t\t\t\t<h2 class=\"elementor-heading-title elementor-size-default\">Cuidados de voc\u00ea com Tecnologia e Prop\u00f3sito<\/h2>\t\t\t\t<\/div>\n\t\t\t\t<div class=\"elementor-element elementor-element-ce0abb8 elementor-widget elementor-widget-spacer\" data-id=\"ce0abb8\" data-element_type=\"widget\" data-e-type=\"widget\" data-widget_type=\"spacer.default\">\n\t\t\t\t\t\t\t<div class=\"elementor-spacer\">\n\t\t\t<div class=\"elementor-spacer-inner\"><\/div>\n\t\t<\/div>\n\t\t\t\t\t\t<\/div>\n\t\t<div class=\"elementor-element elementor-element-9a7321a e-grid e-con-boxed wpr-particle-no wpr-sticky-section-no e-con e-child\" data-id=\"9a7321a\" data-element_type=\"container\" data-e-type=\"container\" data-settings=\"{&quot;_ha_eqh_enable&quot;:false}\">\n\t\t\t\t\t<div class=\"e-con-inner\">\n\t\t\t\t<div class=\"elementor-element elementor-element-92f8dcc animated-slow elementor-invisible elementor-widget elementor-widget-hfe-infocard\" data-id=\"92f8dcc\" data-element_type=\"widget\" data-e-type=\"widget\" data-settings=\"{&quot;_animation&quot;:&quot;fadeInUp&quot;}\" data-widget_type=\"hfe-infocard.default\">\n\t\t\t\t<div class=\"elementor-widget-container\">\n\t\t\t\t\t\n\t\t<div class=\"hfe-infocard\">\n\t\t\t\t\t\t\t\t\t<div class=\"hfe-infocard-title-wrap\">\n\t\t\t\t<h3 class=\"hfe-infocard-title elementor-inline-editing\" data-elementor-setting-key=\"infocard_title\" data-elementor-inline-editing-toolbar=\"basic\" >Fisioterapia <\/h3>\t\t\t<\/div>\n\t\t\t\t\t\t<div class=\"hfe-infocard-text-wrap\">\n\t\t\t\t<div class=\"hfe-infocard-text elementor-inline-editing\" data-elementor-setting-key=\"infocard_description\" data-elementor-inline-editing-toolbar=\"advanced\">\n\t\t\t\t\t<p>Tratamentos personalizados para les\u00f5es esportivas e dores cr\u00f4nicas, com foco em recupera\u00e7\u00e3o completa e desempenho funcional. Utilizamos programas individualizados e acompanhamento pr\u00f3ximo para devolver for\u00e7a e mobilidade.<\/p>\t\t\t\t<\/div>\n\t\t\t\t\t\t\t<\/div>\n\t\t<\/div>\n\n\t\t\t\t\t\t<\/div>\n\t\t\t\t<\/div>\n\t\t\t\t<div class=\"elementor-element elementor-element-da81e0e animated-slow elementor-invisible elementor-widget elementor-widget-hfe-infocard\" data-id=\"da81e0e\" data-element_type=\"widget\" data-e-type=\"widget\" data-settings=\"{&quot;_animation&quot;:&quot;fadeInUp&quot;}\" data-widget_type=\"hfe-infocard.default\">\n\t\t\t\t<div class=\"elementor-widget-container\">\n\t\t\t\t\t\n\t\t<div class=\"hfe-infocard\">\n\t\t\t\t\t\t\t\t\t<div class=\"hfe-infocard-title-wrap\">\n\t\t\t\t<h3 class=\"hfe-infocard-title elementor-inline-editing\" data-elementor-setting-key=\"infocard_title\" data-elementor-inline-editing-toolbar=\"basic\" >Personal Training<\/h3>\t\t\t<\/div>\n\t\t\t\t\t\t<div class=\"hfe-infocard-text-wrap\">\n\t\t\t\t<div class=\"hfe-infocard-text elementor-inline-editing\" data-elementor-setting-key=\"infocard_description\" data-elementor-inline-editing-toolbar=\"advanced\">\n\t\t\t\t\tProgramas de exerc\u00edcios criados conforme suas metas e capacidades, com foco em seguran\u00e7a, evolu\u00e7\u00e3o e performance. Cada aluno recebe aten\u00e7\u00e3o constante e orienta\u00e7\u00e3o profissional em todas as etapas do processo.\t\t\t\t<\/div>\n\t\t\t\t\t\t\t<\/div>\n\t\t<\/div>\n\n\t\t\t\t\t\t<\/div>\n\t\t\t\t<\/div>\n\t\t\t\t<div class=\"elementor-element elementor-element-6a844cd animated-slow elementor-invisible elementor-widget elementor-widget-hfe-infocard\" data-id=\"6a844cd\" data-element_type=\"widget\" data-e-type=\"widget\" data-settings=\"{&quot;_animation&quot;:&quot;fadeInUp&quot;}\" data-widget_type=\"hfe-infocard.default\">\n\t\t\t\t<div class=\"elementor-widget-container\">\n\t\t\t\t\t\n\t\t<div class=\"hfe-infocard\">\n\t\t\t\t\t\t\t\t\t<div class=\"hfe-infocard-title-wrap\">\n\t\t\t\t<h3 class=\"hfe-infocard-title elementor-inline-editing\" data-elementor-setting-key=\"infocard_title\" data-elementor-inline-editing-toolbar=\"basic\" >Metodologia Avan\u00e7ada<\/h3>\t\t\t<\/div>\n\t\t\t\t\t\t<div class=\"hfe-infocard-text-wrap\">\n\t\t\t\t<div class=\"hfe-infocard-text elementor-inline-editing\" data-elementor-setting-key=\"infocard_description\" data-elementor-inline-editing-toolbar=\"advanced\">\n\t\t\t\t\tNossa metodologia exclusiva une fisioterapia e personal training, oferecendo um cuidado completo e eficaz. Aplicamos t\u00e9cnicas modernas e protocolos cient\u00edficos para promover sa\u00fade, equil\u00edbrio e bem-estar duradouro.\t\t\t\t<\/div>\n\t\t\t\t\t\t\t<\/div>\n\t\t<\/div>\n\n\t\t\t\t\t\t<\/div>\n\t\t\t\t<\/div>\n\t\t\t\t\t<\/div>\n\t\t\t\t<\/div>\n\t\t\t\t<div class=\"elementor-element elementor-element-74c8afd elementor-widget elementor-widget-spacer\" data-id=\"74c8afd\" data-element_type=\"widget\" data-e-type=\"widget\" data-widget_type=\"spacer.default\">\n\t\t\t\t\t\t\t<div class=\"elementor-spacer\">\n\t\t\t<div class=\"elementor-spacer-inner\"><\/div>\n\t\t<\/div>\n\t\t\t\t\t\t<\/div>\n\t\t\t\t<\/div>\n\t\t\t\t<\/div>\n\t\t","protected":false},"excerpt":{"rendered":"<p>Sobre N\u00f3s A MO\u00d8VE Fisioterapia e Personal Training foi criada a partir da necessidade de unir ci\u00eancia, tecnologia e cuidado humanizado em um mesmo espa\u00e7o. Com mais de 10 anos de experi\u00eancia na \u00e1rea da sa\u00fade e do movimento, o fisioterapeuta e educador f\u00edsico Guilherme Milan fundou a MO\u00d8VE com uma proposta \u00fanica de gest\u00e3o de sa\u00fade a longo prazo, que vai muito al\u00e9m de resolver sintomas imediatos. Cuidados de voc\u00ea com Tecnologia e Prop\u00f3sito Fisioterapia Tratamentos personalizados para les\u00f5es esportivas e dores cr\u00f4nicas, com foco em recupera\u00e7\u00e3o completa e desempenho funcional. Utilizamos programas individualizados e acompanhamento pr\u00f3ximo para devolver for\u00e7a e mobilidade. Personal Training Programas de exerc\u00edcios criados conforme suas metas e capacidades, com foco em seguran\u00e7a, evolu\u00e7\u00e3o e performance. Cada aluno recebe aten\u00e7\u00e3o constante e orienta\u00e7\u00e3o profissional em todas as etapas do processo. Metodologia Avan\u00e7ada Nossa metodologia exclusiva une fisioterapia e personal training, oferecendo um cuidado completo e eficaz. Aplicamos t\u00e9cnicas modernas e protocolos cient\u00edficos para promover sa\u00fade, equil\u00edbrio e bem-estar duradouro.<\/p>\n","protected":false},"author":1,"featured_media":0,"parent":0,"menu_order":0,"comment_status":"closed","ping_status":"closed","template":"","meta":{"site-sidebar-layout":"no-sidebar","site-content-layout":"","ast-site-content-layout":"full-width-container","site-content-style":"default","site-sidebar-style":"default","ast-global-header-display":"","ast-banner-title-visibility":"","ast-main-header-display":"","ast-hfb-above-header-display":"","ast-hfb-below-header-display":"","ast-hfb-mobile-header-display":"","site-post-title":"disabled","ast-breadcrumbs-content":"","ast-featured-img":"disabled","footer-sml-layout":"","theme-transparent-header-meta":"","adv-header-id-meta":"","stick-header-meta":"","header-above-stick-meta":"","header-main-stick-meta":"","header-below-stick-meta":"","astra-migrate-meta-layouts":"default","ast-page-background-enabled":"default","ast-page-background-meta":{"desktop":{"background-color":"var(--ast-global-color-5)","background-image":"","background-repeat":"repeat","background-position":"center center","background-size":"auto","background-attachment":"scroll","background-type":"","background-media":"","overlay-type":"","overlay-color":"","overlay-opacity":"","overlay-gradient":""},"tablet":{"background-color":"","background-image":"","background-repeat":"repeat","background-position":"center center","background-size":"auto","background-attachment":"scroll","background-type":"","background-media":"","overlay-type":"","overlay-color":"","overlay-opacity":"","overlay-gradient":""},"mobile":{"background-color":"","background-image":"","background-repeat":"repeat","background-position":"center center","background-size":"auto","background-attachment":"scroll","background-type":"","background-media":"","overlay-type":"","overlay-color":"","overlay-opacity":"","overlay-gradient":""}},"ast-content-background-meta":{"desktop":{"background-color":"var(--ast-global-color-4)","background-image":"","background-repeat":"repeat","background-position":"center center","background-size":"auto","background-attachment":"scroll","background-type":"","background-media":"","overlay-type":"","overlay-color":"","overlay-opacity":"","overlay-gradient":""},"tablet":{"background-color":"var(--ast-global-color-4)","background-image":"","background-repeat":"repeat","background-position":"center center","background-size":"auto","background-attachment":"scroll","background-type":"","background-media":"","overlay-type":"","overlay-color":"","overlay-opacity":"","overlay-gradient":""},"mobile":{"background-color":"var(--ast-global-color-4)","background-image":"","background-repeat":"repeat","background-position":"center center","background-size":"auto","background-attachment":"scroll","background-type":"","background-media":"","overlay-type":"","overlay-color":"","overlay-opacity":"","overlay-gradient":""}},"footnotes":""},"class_list":["post-710","page","type-page","status-publish","hentry"],"aioseo_notices":[],"_links":{"self":[{"href":"https:\/\/moovestudio.com.br\/index.php?rest_route=\/wp\/v2\/pages\/710","targetHints":{"allow":["GET"]}}],"collection":[{"href":"https:\/\/moovestudio.com.br\/index.php?rest_route=\/wp\/v2\/pages"}],"about":[{"href":"https:\/\/moovestudio.com.br\/index.php?rest_route=\/wp\/v2\/types\/page"}],"author":[{"embeddable":true,"href":"https:\/\/moovestudio.com.br\/index.php?rest_route=\/wp\/v2\/users\/1"}],"replies":[{"embeddable":true,"href":"https:\/\/moovestudio.com.br\/index.php?rest_route=%2Fwp%2Fv2%2Fcomments&post=710"}],"version-history":[{"count":72,"href":"https:\/\/moovestudio.com.br\/index.php?rest_route=\/wp\/v2\/pages\/710\/revisions"}],"predecessor-version":[{"id":2078,"href":"https:\/\/moovestudio.com.br\/index.php?rest_route=\/wp\/v2\/pages\/710\/revisions\/2078"}],"wp:attachment":[{"href":"https:\/\/moovestudio.com.br\/index.php?rest_route=%2Fwp%2Fv2%2Fmedia&parent=710"}],"curies":[{"name":"wp","href":"https:\/\/api.w.org\/{rel}","templated":true}]}}