{"id":708,"date":"2025-09-15T10:23:42","date_gmt":"2025-09-15T13:23:42","guid":{"rendered":"https:\/\/moovestudio.com.br\/?page_id=708"},"modified":"2026-03-27T15:29:36","modified_gmt":"2026-03-27T18:29:36","slug":"contato","status":"publish","type":"page","link":"https:\/\/moovestudio.com.br\/?page_id=708","title":{"rendered":"CONTATOS"},"content":{"rendered":"\t\t<div data-elementor-type=\"wp-page\" data-elementor-id=\"708\" class=\"elementor elementor-708\" data-elementor-settings=\"{&quot;ha_cmc_init_switcher&quot;:&quot;no&quot;}\">\n\t\t\t\t<div class=\"elementor-element elementor-element-60c6311 e-flex e-con-boxed wpr-particle-no wpr-sticky-section-no e-con e-parent\" data-id=\"60c6311\" data-element_type=\"container\" data-e-type=\"container\" data-settings=\"{&quot;background_background&quot;:&quot;classic&quot;,&quot;_ha_eqh_enable&quot;:false}\">\n\t\t\t\t\t<div class=\"e-con-inner\">\n\t\t\t\t<div class=\"elementor-element elementor-element-bf1147e elementor-widget elementor-widget-spacer\" data-id=\"bf1147e\" data-element_type=\"widget\" data-e-type=\"widget\" data-widget_type=\"spacer.default\">\n\t\t\t\t\t\t\t<div class=\"elementor-spacer\">\n\t\t\t<div class=\"elementor-spacer-inner\"><\/div>\n\t\t<\/div>\n\t\t\t\t\t\t<\/div>\n\t\t\t\t\t<\/div>\n\t\t\t\t<\/div>\n\t\t<div class=\"elementor-element elementor-element-2fd19bc e-con-full e-flex wpr-particle-no wpr-sticky-section-no e-con e-parent\" data-id=\"2fd19bc\" data-element_type=\"container\" data-e-type=\"container\" data-settings=\"{&quot;background_background&quot;:&quot;classic&quot;,&quot;_ha_eqh_enable&quot;:false}\">\n\t\t\t\t<div class=\"elementor-element elementor-element-eb5af13 elementor-widget elementor-widget-spacer\" data-id=\"eb5af13\" data-element_type=\"widget\" data-e-type=\"widget\" data-widget_type=\"spacer.default\">\n\t\t\t\t\t\t\t<div class=\"elementor-spacer\">\n\t\t\t<div class=\"elementor-spacer-inner\"><\/div>\n\t\t<\/div>\n\t\t\t\t\t\t<\/div>\n\t\t\t\t<div class=\"elementor-element elementor-element-33c03a6 animated-slow elementor-invisible elementor-widget elementor-widget-heading\" data-id=\"33c03a6\" data-element_type=\"widget\" data-e-type=\"widget\" data-settings=\"{&quot;_animation&quot;:&quot;fadeIn&quot;}\" data-widget_type=\"heading.default\">\n\t\t\t\t\t<h2 class=\"elementor-heading-title elementor-size-default\">MO\u00d8VE Fisioterapia e Personal Training<\/h2>\t\t\t\t<\/div>\n\t\t\t\t<div class=\"elementor-element elementor-element-847ed76 animated-slow elementor-invisible elementor-widget elementor-widget-heading\" data-id=\"847ed76\" data-element_type=\"widget\" data-e-type=\"widget\" data-settings=\"{&quot;_animation&quot;:&quot;fadeIn&quot;}\" data-widget_type=\"heading.default\">\n\t\t\t\t\t<h2 class=\"elementor-heading-title elementor-size-default\">S\u00e3o Jo\u00e3o da Boa Vista - S\u00e3o Paulo<\/h2>\t\t\t\t<\/div>\n\t\t\t\t<div class=\"elementor-element elementor-element-17dd6d1 elementor-widget elementor-widget-spacer\" data-id=\"17dd6d1\" data-element_type=\"widget\" data-e-type=\"widget\" data-widget_type=\"spacer.default\">\n\t\t\t\t\t\t\t<div class=\"elementor-spacer\">\n\t\t\t<div class=\"elementor-spacer-inner\"><\/div>\n\t\t<\/div>\n\t\t\t\t\t\t<\/div>\n\t\t\t\t<\/div>\n\t\t<div class=\"elementor-element elementor-element-2483cd5 e-flex e-con-boxed wpr-particle-no wpr-sticky-section-no e-con e-parent\" data-id=\"2483cd5\" data-element_type=\"container\" data-e-type=\"container\" data-settings=\"{&quot;background_background&quot;:&quot;classic&quot;,&quot;_ha_eqh_enable&quot;:false}\">\n\t\t\t\t\t<div class=\"e-con-inner\">\n\t\t\t\t<div class=\"elementor-element elementor-element-78d8f4b8 elementor-widget elementor-widget-html\" data-id=\"78d8f4b8\" data-element_type=\"widget\" data-e-type=\"widget\" data-widget_type=\"html.default\">\n\t\t\t\t\t<!-- BOT\u00c3O FLUTUANTE WHATSAPP -->\r\n<a\r\n  href=\"https:\/\/wa.me\/5519996890499?text=Ol%C3%A1%2C%20estava%20visitando%20o%20site%20e%20gostaria%20de%20agendar%20uma%20avalia\u00e7\u00e3o\"\r\n  class=\"whatsapp-float\"\r\n  target=\"_blank\"\r\n  rel=\"noopener noreferrer\"\r\n  aria-label=\"Falar no WhatsApp\"\r\n>\r\n  <!-- \u00cdCONE WHATSAPP (SVG) -->\r\n  <svg\r\n    viewBox=\"0 0 32 32\"\r\n    width=\"34\"\r\n    height=\"34\"\r\n    xmlns=\"http:\/\/www.w3.org\/2000\/svg\"\r\n  >\r\n    <path\r\n      fill=\"#ffffff\"\r\n      d=\"M16 3C8.83 3 3 8.83 3 16c0 2.35.62 4.64 1.8 6.65L3 29l6.59-1.73A12.85 12.85 0 0 0 16 29c7.17 0 13-5.83 13-13S23.17 3 16 3zm0 23.8c-2.14 0-4.23-.57-6.05-1.66l-.43-.26-3.93 1.03 1.05-3.82-.25-.39a10.75 10.75 0 0 1-1.66-5.7c0-5.96 4.84-10.8 10.8-10.8S26.8 10.04 26.8 16 21.96 26.8 16 26.8z\"\r\n    \/>\r\n    <path\r\n      fill=\"#ffffff\"\r\n      d=\"M12.66 10.76c-.25-.55-.52-.56-.77-.57-.2 0-.42 0-.65 0s-.6.09-.91.43c-.31.34-1.19 1.16-1.19 2.83s1.22 3.29 1.39 3.52c.17.23 2.33 3.72 5.77 5.07.8.33 1.42.53 1.9.67.8.25 1.53.21 2.1.13.64-.1 1.98-.81 2.26-1.6.28-.79.28-1.46.2-1.6-.08-.14-.31-.23-.64-.4-.33-.17-1.98-.97-2.28-1.08-.3-.11-.52-.17-.74.17-.22.34-.87 1.08-1.07 1.3-.2.22-.39.25-.72.09-.33-.16-1.38-.52-2.64-1.65-.97-.86-1.62-1.92-1.81-2.22-.19-.3-.02-.49.14-.66.14-.14.33-.37.5-.56.17-.2.23-.34.34-.58.11-.24.06-.43-.03-.6-.08-.17-.72-1.73-.99-2.39z\"\r\n    \/>\r\n  <\/svg>\r\n<\/a>\r\n\r\n<!-- ESTILO DO BOT\u00c3O -->\r\n<style>\r\n  .whatsapp-float {\r\n    position: fixed;\r\n    right: 20px;\r\n    bottom: 20px;\r\n    width: 68px;\r\n    height: 68px;\r\n    display: flex;\r\n    align-items: center;\r\n    justify-content: center;\r\n    background-color: #2690a7;\r\n    border-radius: 50%;\r\n    text-decoration: none;\r\n    box-shadow: 0 10px 20px rgba(0, 0, 0, 0.25);\r\n    z-index: 9999;\r\n    transition: all 0.25s ease;\r\n  }\r\n\r\n  .whatsapp-float:hover {\r\n    transform: translateY(-2px) scale(1.05);\r\n    box-shadow: 0 14px 28px rgba(0, 0, 0, 0.3);\r\n    opacity: 0.9;\r\n  }\r\n\r\n  @media (max-width: 480px) {\r\n    .whatsapp-float {\r\n      right: 14px;\r\n      bottom: 14px;\r\n      width: 60px;\r\n      height: 60px;\r\n    }\r\n\r\n    .whatsapp-float svg {\r\n      width: 28px;\r\n      height: 28px;\r\n    }\r\n  }\r\n<\/style>\r\n\t\t\t\t<\/div>\n\t\t\t\t<div class=\"elementor-element elementor-element-5333d01 elementor-widget elementor-widget-spacer\" data-id=\"5333d01\" data-element_type=\"widget\" data-e-type=\"widget\" data-widget_type=\"spacer.default\">\n\t\t\t\t\t\t\t<div class=\"elementor-spacer\">\n\t\t\t<div class=\"elementor-spacer-inner\"><\/div>\n\t\t<\/div>\n\t\t\t\t\t\t<\/div>\n\t\t\t\t<div class=\"elementor-element elementor-element-f132d90 elementor-invisible elementor-widget elementor-widget-heading\" data-id=\"f132d90\" data-element_type=\"widget\" data-e-type=\"widget\" data-settings=\"{&quot;_animation&quot;:&quot;fadeIn&quot;}\" data-widget_type=\"heading.default\">\n\t\t\t\t\t<h2 class=\"elementor-heading-title elementor-size-default\">NOSSOS CANAIS<\/h2>\t\t\t\t<\/div>\n\t\t\t\t<div class=\"elementor-element elementor-element-b4be450 elementor-invisible elementor-widget elementor-widget-text-editor\" data-id=\"b4be450\" data-element_type=\"widget\" data-e-type=\"widget\" data-settings=\"{&quot;_animation&quot;:&quot;fadeIn&quot;}\" data-widget_type=\"text-editor.default\">\n\t\t\t\t\t\t\t\t\t<p>Entre em contato com a MO\u00d8VE e d\u00ea o pr\u00f3ximo passo para o seu bem-estar<\/p>\t\t\t\t\t\t\t\t<\/div>\n\t\t\t\t\t<\/div>\n\t\t\t\t<\/div>\n\t\t<div class=\"elementor-element elementor-element-92de3d8 e-flex e-con-boxed wpr-particle-no wpr-sticky-section-no e-con e-parent\" data-id=\"92de3d8\" data-element_type=\"container\" data-e-type=\"container\" data-settings=\"{&quot;background_background&quot;:&quot;classic&quot;,&quot;_ha_eqh_enable&quot;:false}\">\n\t\t\t\t\t<div class=\"e-con-inner\">\n\t\t<div class=\"elementor-element elementor-element-8266b14 e-con-full e-flex wpr-particle-no wpr-sticky-section-no e-con e-child\" data-id=\"8266b14\" data-element_type=\"container\" data-e-type=\"container\" data-settings=\"{&quot;background_background&quot;:&quot;classic&quot;,&quot;_ha_eqh_enable&quot;:false}\">\n\t\t\t\t<div class=\"elementor-element elementor-element-bf7f8c7 e-transform elementor-view-default elementor-position-block-start elementor-mobile-position-block-start ha-has-bg-overlay elementor-invisible elementor-widget elementor-widget-icon-box\" data-id=\"bf7f8c7\" data-element_type=\"widget\" data-e-type=\"widget\" data-settings=\"{&quot;_animation&quot;:&quot;fadeInUp&quot;,&quot;_transform_scale_effect_hover&quot;:{&quot;unit&quot;:&quot;px&quot;,&quot;size&quot;:1.1000000000000001,&quot;sizes&quot;:[]},&quot;_transform_scale_effect_hover_tablet&quot;:{&quot;unit&quot;:&quot;px&quot;,&quot;size&quot;:&quot;&quot;,&quot;sizes&quot;:[]},&quot;_transform_scale_effect_hover_mobile&quot;:{&quot;unit&quot;:&quot;px&quot;,&quot;size&quot;:&quot;&quot;,&quot;sizes&quot;:[]}}\" data-widget_type=\"icon-box.default\">\n\t\t\t\t\t\t\t<div class=\"elementor-icon-box-wrapper\">\n\n\t\t\t\t\t\t<div class=\"elementor-icon-box-icon\">\n\t\t\t\t<span  class=\"elementor-icon\">\n\t\t\t\t<i aria-hidden=\"true\" class=\"hm hm-map-pointer2\"><\/i>\t\t\t\t<\/span>\n\t\t\t<\/div>\n\t\t\t\n\t\t\t\t\t\t<div class=\"elementor-icon-box-content\">\n\n\t\t\t\t\t\t\t\t\t<h3 class=\"elementor-icon-box-title\">\n\t\t\t\t\t\t<span  >\n\t\t\t\t\t\t\tEndere\u00e7o\t\t\t\t\t\t<\/span>\n\t\t\t\t\t<\/h3>\n\t\t\t\t\n\t\t\t\t\t\t\t\t\t<p class=\"elementor-icon-box-description\">\n\t\t\t\t\t\t R. Pres. Franklin Roosevelt, 50 - Roosevelt, 50 - Perp\u00e9tuo Socorro, S\u00e3o Jo\u00e3o da Boa Vista - SP, 13870-540\t\t\t\t\t<\/p>\n\t\t\t\t\n\t\t\t<\/div>\n\t\t\t\n\t\t<\/div>\n\t\t\t\t\t\t<\/div>\n\t\t\t\t<\/div>\n\t\t<div class=\"elementor-element elementor-element-8ef5e13 e-con-full e-flex wpr-particle-no wpr-sticky-section-no e-con e-child\" data-id=\"8ef5e13\" data-element_type=\"container\" data-e-type=\"container\" data-settings=\"{&quot;_ha_eqh_enable&quot;:false}\">\n\t\t\t\t<div class=\"elementor-element elementor-element-ee89d51 e-transform elementor-view-default elementor-position-block-start elementor-mobile-position-block-start ha-has-bg-overlay elementor-invisible elementor-widget elementor-widget-icon-box\" data-id=\"ee89d51\" data-element_type=\"widget\" data-e-type=\"widget\" data-settings=\"{&quot;_animation&quot;:&quot;fadeInUp&quot;,&quot;_transform_scale_effect_hover&quot;:{&quot;unit&quot;:&quot;px&quot;,&quot;size&quot;:1.1000000000000001,&quot;sizes&quot;:[]},&quot;_transform_scale_effect_hover_tablet&quot;:{&quot;unit&quot;:&quot;px&quot;,&quot;size&quot;:&quot;&quot;,&quot;sizes&quot;:[]},&quot;_transform_scale_effect_hover_mobile&quot;:{&quot;unit&quot;:&quot;px&quot;,&quot;size&quot;:&quot;&quot;,&quot;sizes&quot;:[]}}\" data-widget_type=\"icon-box.default\">\n\t\t\t\t\t\t\t<div class=\"elementor-icon-box-wrapper\">\n\n\t\t\t\t\t\t<div class=\"elementor-icon-box-icon\">\n\t\t\t\t<span  class=\"elementor-icon\">\n\t\t\t\t<i aria-hidden=\"true\" class=\"hm hm-phone\"><\/i>\t\t\t\t<\/span>\n\t\t\t<\/div>\n\t\t\t\n\t\t\t\t\t\t<div class=\"elementor-icon-box-content\">\n\n\t\t\t\t\t\t\t\t\t<h3 class=\"elementor-icon-box-title\">\n\t\t\t\t\t\t<span  >\n\t\t\t\t\t\t\tTelefone\t\t\t\t\t\t<\/span>\n\t\t\t\t\t<\/h3>\n\t\t\t\t\n\t\t\t\t\t\t\t\t\t<p class=\"elementor-icon-box-description\">\n\t\t\t\t\t\tTelefone: (19) 3635-2239 <br>\nWhatsApp:  (19) 99689-0499\n<br><br>\t\t\t\t\t<\/p>\n\t\t\t\t\n\t\t\t<\/div>\n\t\t\t\n\t\t<\/div>\n\t\t\t\t\t\t<\/div>\n\t\t\t\t<\/div>\n\t\t<div class=\"elementor-element elementor-element-6bafd2c e-con-full e-flex wpr-particle-no wpr-sticky-section-no e-con e-child\" data-id=\"6bafd2c\" data-element_type=\"container\" data-e-type=\"container\" data-settings=\"{&quot;_ha_eqh_enable&quot;:false}\">\n\t\t\t\t<div class=\"elementor-element elementor-element-f29d65e e-transform elementor-view-default elementor-position-block-start elementor-mobile-position-block-start ha-has-bg-overlay elementor-invisible elementor-widget elementor-widget-icon-box\" data-id=\"f29d65e\" data-element_type=\"widget\" data-e-type=\"widget\" data-settings=\"{&quot;_animation&quot;:&quot;fadeInUp&quot;,&quot;_transform_scale_effect_hover&quot;:{&quot;unit&quot;:&quot;px&quot;,&quot;size&quot;:1.1000000000000001,&quot;sizes&quot;:[]},&quot;_transform_scale_effect_hover_tablet&quot;:{&quot;unit&quot;:&quot;px&quot;,&quot;size&quot;:&quot;&quot;,&quot;sizes&quot;:[]},&quot;_transform_scale_effect_hover_mobile&quot;:{&quot;unit&quot;:&quot;px&quot;,&quot;size&quot;:&quot;&quot;,&quot;sizes&quot;:[]}}\" data-widget_type=\"icon-box.default\">\n\t\t\t\t\t\t\t<div class=\"elementor-icon-box-wrapper\">\n\n\t\t\t\t\t\t<div class=\"elementor-icon-box-icon\">\n\t\t\t\t<span  class=\"elementor-icon\">\n\t\t\t\t<i aria-hidden=\"true\" class=\"hm hm-envelop\"><\/i>\t\t\t\t<\/span>\n\t\t\t<\/div>\n\t\t\t\n\t\t\t\t\t\t<div class=\"elementor-icon-box-content\">\n\n\t\t\t\t\t\t\t\t\t<h3 class=\"elementor-icon-box-title\">\n\t\t\t\t\t\t<span  >\n\t\t\t\t\t\t\tEmail\t\t\t\t\t\t<\/span>\n\t\t\t\t\t<\/h3>\n\t\t\t\t\n\t\t\t\t\t\t\t\t\t<p class=\"elementor-icon-box-description\">\n\t\t\t\t\t\tEmail: moovepersonalstudio@gmail.com<br><br><br>\t\t\t\t\t<\/p>\n\t\t\t\t\n\t\t\t<\/div>\n\t\t\t\n\t\t<\/div>\n\t\t\t\t\t\t<\/div>\n\t\t\t\t<\/div>\n\t\t\t\t\t<\/div>\n\t\t\t\t<\/div>\n\t\t<div class=\"elementor-element elementor-element-39b7fc2 e-flex e-con-boxed wpr-particle-no wpr-sticky-section-no e-con e-parent\" data-id=\"39b7fc2\" data-element_type=\"container\" data-e-type=\"container\" data-settings=\"{&quot;background_background&quot;:&quot;classic&quot;,&quot;_ha_eqh_enable&quot;:false}\">\n\t\t\t\t\t<div class=\"e-con-inner\">\n\t\t<div class=\"elementor-element elementor-element-66385c9 e-con-full e-flex wpr-particle-no wpr-sticky-section-no e-con e-child\" data-id=\"66385c9\" data-element_type=\"container\" data-e-type=\"container\" data-settings=\"{&quot;_ha_eqh_enable&quot;:false}\">\n\t\t\t\t<div class=\"elementor-element elementor-element-a13fb2b elementor-invisible elementor-widget elementor-widget-heading\" data-id=\"a13fb2b\" data-element_type=\"widget\" data-e-type=\"widget\" data-settings=\"{&quot;_animation&quot;:&quot;fadeIn&quot;}\" data-widget_type=\"heading.default\">\n\t\t\t\t\t<h2 class=\"elementor-heading-title elementor-size-default\">AGENDE CONOSCO<\/h2>\t\t\t\t<\/div>\n\t\t\t\t<div class=\"elementor-element elementor-element-7b9aaa1 elementor-widget elementor-widget-text-editor\" data-id=\"7b9aaa1\" data-element_type=\"widget\" data-e-type=\"widget\" data-widget_type=\"text-editor.default\">\n\t\t\t\t\t\t\t\t\t<p>Vamos adiantar seu atendimento! Clique no bot\u00e3o, responda ao nosso question\u00e1rio e, em seguida, um atendente entrar\u00e1 em contato com voc\u00ea.<\/p>\t\t\t\t\t\t\t\t<\/div>\n\t\t\t\t<div class=\"elementor-element elementor-element-7b8c207 elementor-align-center elementor-widget elementor-widget-button\" data-id=\"7b8c207\" data-element_type=\"widget\" data-e-type=\"widget\" data-widget_type=\"button.default\">\n\t\t\t\t\t\t\t\t\t\t<a class=\"elementor-button elementor-button-link elementor-size-sm\" href=\"https:\/\/docs.google.com\/forms\/d\/e\/1FAIpQLScgRBCwYLw08ONUud-jauyi3Z4GREohMqc6YYrG68O5FO27jw\/viewform?usp=publish-editor\">\n\t\t\t\t\t\t<span class=\"elementor-button-content-wrapper\">\n\t\t\t\t\t\t\t\t\t<span class=\"elementor-button-text\">Formul\u00e1rio Atendimento<\/span>\n\t\t\t\t\t<\/span>\n\t\t\t\t\t<\/a>\n\t\t\t\t\t\t\t\t<\/div>\n\t\t\t\t<\/div>\n\t\t<div class=\"elementor-element elementor-element-47526a4 e-con-full e-flex wpr-particle-no wpr-sticky-section-no e-con e-child\" data-id=\"47526a4\" data-element_type=\"container\" data-e-type=\"container\" data-settings=\"{&quot;_ha_eqh_enable&quot;:false}\">\n\t\t\t\t<div class=\"elementor-element elementor-element-c2e2692 elementor-invisible elementor-widget elementor-widget-google_maps\" data-id=\"c2e2692\" data-element_type=\"widget\" data-e-type=\"widget\" data-settings=\"{&quot;_animation&quot;:&quot;fadeIn&quot;}\" data-widget_type=\"google_maps.default\">\n\t\t\t\t\t\t\t<div class=\"elementor-custom-embed\">\n\t\t\t<iframe loading=\"lazy\"\n\t\t\t\t\tsrc=\"https:\/\/maps.google.com\/maps?q=%20R.%20Pres.%20Franklin%20Roosevelt%2C%2050%20-%20Roosevelt%2C%2050%20-%20Perp%C3%A9tuo%20Socorro%2C%20S%C3%A3o%20Jo%C3%A3o%20da%20Boa%20Vista%20-%20SP%2C%2013870-540&#038;t=m&#038;z=17&#038;output=embed&#038;iwloc=near\"\n\t\t\t\t\ttitle=\" R. Pres. Franklin Roosevelt, 50 - Roosevelt, 50 - Perp\u00e9tuo Socorro, S\u00e3o Jo\u00e3o da Boa Vista - SP, 13870-540\"\n\t\t\t\t\taria-label=\" R. Pres. Franklin Roosevelt, 50 - Roosevelt, 50 - Perp\u00e9tuo Socorro, S\u00e3o Jo\u00e3o da Boa Vista - SP, 13870-540\"\n\t\t\t><\/iframe>\n\t\t<\/div>\n\t\t\t\t\t\t<\/div>\n\t\t\t\t<\/div>\n\t\t\t\t\t<\/div>\n\t\t\t\t<\/div>\n\t\t<div class=\"elementor-element elementor-element-e165554 e-flex e-con-boxed wpr-particle-no wpr-sticky-section-no e-con e-parent\" data-id=\"e165554\" data-element_type=\"container\" data-e-type=\"container\" data-settings=\"{&quot;background_background&quot;:&quot;classic&quot;,&quot;_ha_eqh_enable&quot;:false}\">\n\t\t\t\t\t<div class=\"e-con-inner\">\n\t\t\t\t<div class=\"elementor-element elementor-element-5be2a5b elementor-widget elementor-widget-spacer\" data-id=\"5be2a5b\" data-element_type=\"widget\" data-e-type=\"widget\" data-widget_type=\"spacer.default\">\n\t\t\t\t\t\t\t<div class=\"elementor-spacer\">\n\t\t\t<div class=\"elementor-spacer-inner\"><\/div>\n\t\t<\/div>\n\t\t\t\t\t\t<\/div>\n\t\t\t\t\t<\/div>\n\t\t\t\t<\/div>\n\t\t\t\t<\/div>\n\t\t","protected":false},"excerpt":{"rendered":"<p>MO\u00d8VE Fisioterapia e Personal Training S\u00e3o Jo\u00e3o da Boa Vista &#8211; S\u00e3o Paulo NOSSOS CANAIS Entre em contato com a MO\u00d8VE e d\u00ea o pr\u00f3ximo passo para o seu bem-estar Endere\u00e7o R. Pres. Franklin Roosevelt, 50 &#8211; Roosevelt, 50 &#8211; Perp\u00e9tuo Socorro, S\u00e3o Jo\u00e3o da Boa Vista &#8211; SP, 13870-540 Telefone Telefone: (19) 3635-2239 WhatsApp: (19) 99689-0499 Email Email: moovepersonalstudio@gmail.com AGENDE CONOSCO Vamos adiantar seu atendimento! Clique no bot\u00e3o, responda ao nosso question\u00e1rio e, em seguida, um atendente entrar\u00e1 em contato com voc\u00ea. Formul\u00e1rio Atendimento<\/p>\n","protected":false},"author":1,"featured_media":0,"parent":0,"menu_order":0,"comment_status":"closed","ping_status":"closed","template":"","meta":{"site-sidebar-layout":"no-sidebar","site-content-layout":"","ast-site-content-layout":"full-width-container","site-content-style":"default","site-sidebar-style":"default","ast-global-header-display":"","ast-banner-title-visibility":"","ast-main-header-display":"","ast-hfb-above-header-display":"","ast-hfb-below-header-display":"","ast-hfb-mobile-header-display":"","site-post-title":"disabled","ast-breadcrumbs-content":"","ast-featured-img":"disabled","footer-sml-layout":"","theme-transparent-header-meta":"","adv-header-id-meta":"","stick-header-meta":"","header-above-stick-meta":"","header-main-stick-meta":"","header-below-stick-meta":"","astra-migrate-meta-layouts":"default","ast-page-background-enabled":"default","ast-page-background-meta":{"desktop":{"background-color":"var(--ast-global-color-5)","background-image":"","background-repeat":"repeat","background-position":"center center","background-size":"auto","background-attachment":"scroll","background-type":"","background-media":"","overlay-type":"","overlay-color":"","overlay-opacity":"","overlay-gradient":""},"tablet":{"background-color":"","background-image":"","background-repeat":"repeat","background-position":"center center","background-size":"auto","background-attachment":"scroll","background-type":"","background-media":"","overlay-type":"","overlay-color":"","overlay-opacity":"","overlay-gradient":""},"mobile":{"background-color":"","background-image":"","background-repeat":"repeat","background-position":"center center","background-size":"auto","background-attachment":"scroll","background-type":"","background-media":"","overlay-type":"","overlay-color":"","overlay-opacity":"","overlay-gradient":""}},"ast-content-background-meta":{"desktop":{"background-color":"var(--ast-global-color-4)","background-image":"","background-repeat":"repeat","background-position":"center center","background-size":"auto","background-attachment":"scroll","background-type":"","background-media":"","overlay-type":"","overlay-color":"","overlay-opacity":"","overlay-gradient":""},"tablet":{"background-color":"var(--ast-global-color-4)","background-image":"","background-repeat":"repeat","background-position":"center center","background-size":"auto","background-attachment":"scroll","background-type":"","background-media":"","overlay-type":"","overlay-color":"","overlay-opacity":"","overlay-gradient":""},"mobile":{"background-color":"var(--ast-global-color-4)","background-image":"","background-repeat":"repeat","background-position":"center center","background-size":"auto","background-attachment":"scroll","background-type":"","background-media":"","overlay-type":"","overlay-color":"","overlay-opacity":"","overlay-gradient":""}},"footnotes":""},"class_list":["post-708","page","type-page","status-publish","hentry"],"aioseo_notices":[],"_links":{"self":[{"href":"https:\/\/moovestudio.com.br\/index.php?rest_route=\/wp\/v2\/pages\/708","targetHints":{"allow":["GET"]}}],"collection":[{"href":"https:\/\/moovestudio.com.br\/index.php?rest_route=\/wp\/v2\/pages"}],"about":[{"href":"https:\/\/moovestudio.com.br\/index.php?rest_route=\/wp\/v2\/types\/page"}],"author":[{"embeddable":true,"href":"https:\/\/moovestudio.com.br\/index.php?rest_route=\/wp\/v2\/users\/1"}],"replies":[{"embeddable":true,"href":"https:\/\/moovestudio.com.br\/index.php?rest_route=%2Fwp%2Fv2%2Fcomments&post=708"}],"version-history":[{"count":186,"href":"https:\/\/moovestudio.com.br\/index.php?rest_route=\/wp\/v2\/pages\/708\/revisions"}],"predecessor-version":[{"id":2471,"href":"https:\/\/moovestudio.com.br\/index.php?rest_route=\/wp\/v2\/pages\/708\/revisions\/2471"}],"wp:attachment":[{"href":"https:\/\/moovestudio.com.br\/index.php?rest_route=%2Fwp%2Fv2%2Fmedia&parent=708"}],"curies":[{"name":"wp","href":"https:\/\/api.w.org\/{rel}","templated":true}]}}